{"id":17,"date":"2024-08-07T18:27:29","date_gmt":"2024-08-07T18:27:29","guid":{"rendered":"https:\/\/uxcribe.cl\/wp26\/?page_id=17"},"modified":"2026-03-11T01:23:42","modified_gmt":"2026-03-11T01:23:42","slug":"inicio","status":"publish","type":"page","link":"https:\/\/uxcribe.cl\/wp26\/","title":{"rendered":"Inicio"},"content":{"rendered":"\n<div class=\"wp-block-cover is-light has-parallax is-repeated\" style=\"padding-top:var(--wp--preset--spacing--20);padding-right:var(--wp--preset--spacing--20);padding-bottom:var(--wp--preset--spacing--20);padding-left:var(--wp--preset--spacing--20);min-height:674px;aspect-ratio:unset;\"><div class=\"wp-block-cover__image-background wp-image-38 size-full has-parallax is-repeated\" style=\"background-position:50% 50%;background-image:url(https:\/\/uxcribe.cl\/wp26\/wp-content\/uploads\/2024\/08\/fondo-blanco-op-e1720796752793.jpg)\"><\/div><span aria-hidden=\"true\" class=\"wp-block-cover__background has-background-dim-0 has-background-dim\" style=\"background-color:#fcfcfc\"><\/span><div class=\"wp-block-cover__inner-container has-global-padding is-layout-constrained wp-container-core-cover-is-layout-9c160257 wp-block-cover-is-layout-constrained\"><a data-aos=\"slide-up\" href=\"https:\/\/uxcribe.cl\/wp26\/diseno_web\/\"    class=\"wp-block-tiptip-hyperlink-group-block\" >\n<div class=\"wp-block-group alignwide has-global-padding is-layout-constrained wp-container-core-group-is-layout-c385debf wp-block-group-is-layout-constrained\" style=\"border-radius:12px;padding-top:var(--wp--preset--spacing--20);padding-right:var(--wp--preset--spacing--20);padding-bottom:var(--wp--preset--spacing--20);padding-left:var(--wp--preset--spacing--20)\">\n<div class=\"wp-block-columns alignwide is-not-stacked-on-mobile is-layout-flex wp-container-core-columns-is-layout-625b63cf wp-block-columns-is-layout-flex\">\n<div class=\"wp-block-column is-layout-flow wp-block-column-is-layout-flow\" style=\"flex-basis:30%\">\n<figure class=\"wp-block-image size-large is-resized\"><img loading=\"lazy\" decoding=\"async\" width=\"1024\" height=\"576\" sizes=\"auto, (max-width: 799px) 200vw, (max-width: 650px) 100vw, 650px\" src=\"https:\/\/uxcribe.cl\/wp26\/wp-content\/uploads\/2024\/08\/zumLcJDXS-Wde6XQ5yYnew-1024x576.webp\" alt=\"\" class=\"wp-image-20\" style=\"aspect-ratio:1;object-fit:cover;width:auto;height:120px\" srcset=\"https:\/\/uxcribe.cl\/wp26\/wp-content\/uploads\/2024\/08\/zumLcJDXS-Wde6XQ5yYnew-1024x576.webp 1024w, https:\/\/uxcribe.cl\/wp26\/wp-content\/uploads\/2024\/08\/zumLcJDXS-Wde6XQ5yYnew-300x169.webp 300w, https:\/\/uxcribe.cl\/wp26\/wp-content\/uploads\/2024\/08\/zumLcJDXS-Wde6XQ5yYnew-768x432.webp 768w, https:\/\/uxcribe.cl\/wp26\/wp-content\/uploads\/2024\/08\/zumLcJDXS-Wde6XQ5yYnew.webp 1280w\" \/><\/figure>\n<\/div>\n\n\n\n<div class=\"wp-block-column is-layout-flow wp-block-column-is-layout-flow\" style=\"flex-basis:70%\">\n<h2 class=\"wp-block-heading has-text-align-left has-large-font-size\"><strong>Dise\u00f1o Web<\/strong><\/h2>\n\n\n\n<p class=\"has-custom-uxc-celeste-color has-text-color has-link-color wp-elements-765fa737ef5d4216f59d497a4f04834b\">Creamos tu sitio web desde cero<\/p>\n<\/div>\n<\/div>\n<\/div>\n<\/a>\n\n<a data-aos-delay=\"200\" data-aos=\"slide-up\" href=\"https:\/\/uxcribe.cl\/wp26\/marketing-digital\"    class=\"wp-block-tiptip-hyperlink-group-block\" >\n<div class=\"wp-block-group alignwide has-global-padding is-layout-constrained wp-container-core-group-is-layout-c385debf wp-block-group-is-layout-constrained\" style=\"border-radius:12px;padding-top:var(--wp--preset--spacing--20);padding-right:var(--wp--preset--spacing--20);padding-bottom:var(--wp--preset--spacing--20);padding-left:var(--wp--preset--spacing--20)\">\n<div class=\"wp-block-columns alignwide is-not-stacked-on-mobile is-layout-flex wp-container-core-columns-is-layout-d0b3c9c8 wp-block-columns-is-layout-flex\">\n<div class=\"wp-block-column is-layout-flow wp-block-column-is-layout-flow\" style=\"flex-basis:30%\">\n<figure class=\"wp-block-image size-large is-resized\"><img loading=\"lazy\" decoding=\"async\" width=\"1024\" height=\"683\" src=\"https:\/\/uxcribe.cl\/wp26\/wp-content\/uploads\/2024\/08\/expansion-1024x683.jpg\" alt=\"\" class=\"wp-image-2161\" style=\"aspect-ratio:1;object-fit:cover;width:auto;height:120px\" srcset=\"https:\/\/uxcribe.cl\/wp26\/wp-content\/uploads\/2024\/08\/expansion-1024x683.jpg 1024w, https:\/\/uxcribe.cl\/wp26\/wp-content\/uploads\/2024\/08\/expansion-300x200.jpg 300w, https:\/\/uxcribe.cl\/wp26\/wp-content\/uploads\/2024\/08\/expansion-768x512.jpg 768w, https:\/\/uxcribe.cl\/wp26\/wp-content\/uploads\/2024\/08\/expansion.jpg 1248w\" sizes=\"auto, (max-width: 1024px) 100vw, 1024px\" \/><\/figure>\n<\/div>\n\n\n\n<div class=\"wp-block-column is-layout-flow wp-block-column-is-layout-flow\" style=\"flex-basis:70%\">\n<h2 class=\"wp-block-heading has-text-align-left has-large-font-size\"><strong><strong>Marketing Digital<\/strong><\/strong><\/h2>\n\n\n\n<p class=\"has-custom-uxc-celeste-color has-text-color has-link-color wp-elements-abef9caf2ed1d07f86f73ff0a2efc3c5\">Contenido para redes sociales, <\/p>\n<\/div>\n<\/div>\n<\/div>\n<\/a>\n\n<a data-aos-delay=\"400\" data-aos=\"slide-up\" href=\"https:\/\/uxcribe.cl\/wp26\/elearning\/\"    class=\"wp-block-tiptip-hyperlink-group-block\" >\n<div class=\"wp-block-group alignwide has-global-padding is-layout-constrained wp-container-core-group-is-layout-c385debf wp-block-group-is-layout-constrained\" style=\"border-radius:12px;padding-top:var(--wp--preset--spacing--20);padding-right:var(--wp--preset--spacing--20);padding-bottom:var(--wp--preset--spacing--20);padding-left:var(--wp--preset--spacing--20)\">\n<div class=\"wp-block-columns alignwide is-not-stacked-on-mobile is-layout-flex wp-container-core-columns-is-layout-fe97f324 wp-block-columns-is-layout-flex\">\n<div class=\"wp-block-column is-layout-flow wp-block-column-is-layout-flow\" style=\"flex-basis:30%\">\n<figure class=\"wp-block-image size-large is-resized\"><img loading=\"lazy\" decoding=\"async\" width=\"1024\" height=\"576\" src=\"https:\/\/uxcribe.cl\/wp26\/wp-content\/uploads\/2024\/08\/image-1024x576.png\" alt=\"\" class=\"wp-image-19\" style=\"aspect-ratio:1;object-fit:cover;width:auto;height:120px\" srcset=\"https:\/\/uxcribe.cl\/wp26\/wp-content\/uploads\/2024\/08\/image-1024x576.png 1024w, https:\/\/uxcribe.cl\/wp26\/wp-content\/uploads\/2024\/08\/image-300x169.png 300w, https:\/\/uxcribe.cl\/wp26\/wp-content\/uploads\/2024\/08\/image-768x432.png 768w, https:\/\/uxcribe.cl\/wp26\/wp-content\/uploads\/2024\/08\/image.png 1280w\" sizes=\"auto, (max-width: 1024px) 100vw, 1024px\" \/><\/figure>\n<\/div>\n\n\n\n<div class=\"wp-block-column is-vertically-aligned-center is-layout-flow wp-block-column-is-layout-flow\" style=\"flex-basis:70%\">\n<h2 class=\"wp-block-heading has-text-align-left has-large-font-size\"><strong>E-Learning<\/strong><\/h2>\n\n\n\n<p class=\"has-custom-uxc-celeste-color has-text-color has-link-color wp-elements-ee5dae614d011c48a9488aa428809090\">Creamos material para tus cursos en l\u00ednea<\/p>\n<\/div>\n<\/div>\n<\/div>\n<\/a><\/div><\/div>\n\n\n\n<div class=\"wp-block-cover is-light has-parallax is-repeated\" style=\"padding-right:var(--wp--preset--spacing--60);padding-left:var(--wp--preset--spacing--60)\"><div class=\"wp-block-cover__image-background wp-image-38 size-full has-parallax is-repeated\" style=\"background-position:50% 50%;background-image:url(https:\/\/uxcribe.cl\/wp26\/wp-content\/uploads\/2024\/08\/fondo-blanco-op-e1720796752793.jpg)\"><\/div><span aria-hidden=\"true\" class=\"wp-block-cover__background has-cyan-bluish-gray-background-color has-background-dim-0 has-background-dim\"><\/span><div class=\"wp-block-cover__inner-container has-global-padding is-layout-constrained wp-container-core-cover-is-layout-8dd13e6d wp-block-cover-is-layout-constrained\">\n<div class=\"wp-block-buttons has-custom-uxc-naranja-background-color has-background is-layout-flex wp-block-buttons-is-layout-flex\">\n<div class=\"wp-block-button has-custom-width wp-block-button__width-100\"><a class=\"wp-block-button__link has-instrument-serif-font-family has-large-font-size has-custom-font-size wp-element-button\" href=\"https:\/\/uxcribe.cl\/wp26\/portafolio\/\">Portafolio<\/a><\/div>\n<\/div>\n\n\n\n<div class=\"wp-block-group alignwide has-global-padding is-layout-constrained wp-block-group-is-layout-constrained\">\n<div class=\"wp-block-query alignwide has-global-padding is-layout-constrained wp-block-query-is-layout-constrained\"><ul data-aos-delay=\"250\" data-aos=\"fade-up\" class=\"columns-4 alignwide wp-block-post-template is-layout-grid wp-container-core-post-template-is-layout-ad36092a wp-block-post-template-is-layout-grid\"><li class=\"wp-block-post post-3098 proyecto type-proyecto status-publish has-post-thumbnail hentry category-diseno-web category-marketing-digital\">\n<figure data-aos-delay=\"200\" data-aos=\"fade\" style=\"aspect-ratio:1; padding-top:0;padding-bottom:0;padding-left:0;padding-right:0;margin-top:1px;margin-bottom:1px;margin-left:1px;margin-right:1px;\" class=\"wp-block-post-featured-image\"><a href=\"https:\/\/uxcribe.cl\/wp26\/proyecto\/fernando-aylwin\/\" target=\"_self\" rel=\"vk7k-lightbox\" ><img loading=\"lazy\" decoding=\"async\" width=\"1024\" height=\"1024\" src=\"https:\/\/uxcribe.cl\/wp26\/wp-content\/uploads\/2025\/07\/fernandoaylwin.cl_-1024x1024.png\" class=\"attachment-large size-large wp-post-image\" alt=\"Fernando Aylwin\" style=\"border-radius:24px;width:100%;height:100%;object-fit:cover;\" srcset=\"https:\/\/uxcribe.cl\/wp26\/wp-content\/uploads\/2025\/07\/fernandoaylwin.cl_-1024x1024.png 1024w, https:\/\/uxcribe.cl\/wp26\/wp-content\/uploads\/2025\/07\/fernandoaylwin.cl_-300x300.png 300w, https:\/\/uxcribe.cl\/wp26\/wp-content\/uploads\/2025\/07\/fernandoaylwin.cl_-150x150.png 150w, https:\/\/uxcribe.cl\/wp26\/wp-content\/uploads\/2025\/07\/fernandoaylwin.cl_-768x768.png 768w, https:\/\/uxcribe.cl\/wp26\/wp-content\/uploads\/2025\/07\/fernandoaylwin.cl_.png 1080w\" sizes=\"auto, (max-width: 799px) 200vw, (max-width: 650px) 100vw, 650px\" \/><\/a><\/figure>\n<\/li><li class=\"wp-block-post post-2992 proyecto type-proyecto status-publish has-post-thumbnail hentry category-diseno-web category-elearning\">\n<figure data-aos-delay=\"200\" data-aos=\"fade\" style=\"aspect-ratio:1; padding-top:0;padding-bottom:0;padding-left:0;padding-right:0;margin-top:1px;margin-bottom:1px;margin-left:1px;margin-right:1px;\" class=\"wp-block-post-featured-image\"><a href=\"https:\/\/uxcribe.cl\/wp26\/proyecto\/otec-catmin-cl\/\" target=\"_self\" rel=\"vk7k-lightbox\" ><img loading=\"lazy\" decoding=\"async\" width=\"1024\" height=\"1024\" src=\"https:\/\/uxcribe.cl\/wp26\/wp-content\/uploads\/2025\/06\/otec.catmin.cl_-1024x1024.jpg\" class=\"attachment-large size-large wp-post-image\" alt=\"OTEC CATMIN\" style=\"border-radius:24px;width:100%;height:100%;object-fit:cover;\" srcset=\"https:\/\/uxcribe.cl\/wp26\/wp-content\/uploads\/2025\/06\/otec.catmin.cl_-1024x1024.jpg 1024w, https:\/\/uxcribe.cl\/wp26\/wp-content\/uploads\/2025\/06\/otec.catmin.cl_-300x300.jpg 300w, https:\/\/uxcribe.cl\/wp26\/wp-content\/uploads\/2025\/06\/otec.catmin.cl_-150x150.jpg 150w, https:\/\/uxcribe.cl\/wp26\/wp-content\/uploads\/2025\/06\/otec.catmin.cl_-768x768.jpg 768w, https:\/\/uxcribe.cl\/wp26\/wp-content\/uploads\/2025\/06\/otec.catmin.cl_-1536x1536.jpg 1536w, https:\/\/uxcribe.cl\/wp26\/wp-content\/uploads\/2025\/06\/otec.catmin.cl_-2048x2048.jpg 2048w\" sizes=\"auto, (max-width: 1024px) 100vw, 1024px\" \/><\/a><\/figure>\n<\/li><li class=\"wp-block-post post-2772 proyecto type-proyecto status-publish has-post-thumbnail hentry category-elearning\">\n<figure data-aos-delay=\"200\" data-aos=\"fade\" style=\"aspect-ratio:1; padding-top:0;padding-bottom:0;padding-left:0;padding-right:0;margin-top:1px;margin-bottom:1px;margin-left:1px;margin-right:1px;\" class=\"wp-block-post-featured-image\"><a href=\"https:\/\/uxcribe.cl\/wp26\/proyecto\/bioscience-chile-electricidad-en-procesos-de-enologia\/\" target=\"_self\" rel=\"vk7k-lightbox\" ><img loading=\"lazy\" decoding=\"async\" width=\"640\" height=\"480\" src=\"https:\/\/uxcribe.cl\/wp26\/wp-content\/uploads\/2024\/12\/proyectos-elearning-1.png\" class=\"attachment-large size-large wp-post-image\" alt=\"Bioscience Chile &#8211; Electricidad en procesos de Enolog\u00eda\" style=\"border-radius:24px;width:100%;height:100%;object-fit:cover;\" srcset=\"https:\/\/uxcribe.cl\/wp26\/wp-content\/uploads\/2024\/12\/proyectos-elearning-1.png 640w, https:\/\/uxcribe.cl\/wp26\/wp-content\/uploads\/2024\/12\/proyectos-elearning-1-300x225.png 300w\" sizes=\"auto, (max-width: 640px) 100vw, 640px\" \/><\/a><\/figure>\n<\/li><li class=\"wp-block-post post-2637 proyecto type-proyecto status-publish has-post-thumbnail hentry category-diseno-web\">\n<figure data-aos-delay=\"200\" data-aos=\"fade\" style=\"aspect-ratio:1; padding-top:0;padding-bottom:0;padding-left:0;padding-right:0;margin-top:1px;margin-bottom:1px;margin-left:1px;margin-right:1px;\" class=\"wp-block-post-featured-image\"><a href=\"https:\/\/uxcribe.cl\/wp26\/proyecto\/biosciencechile-cl\/\" target=\"_self\" rel=\"vk7k-lightbox\" ><img loading=\"lazy\" decoding=\"async\" width=\"1024\" height=\"1024\" src=\"https:\/\/uxcribe.cl\/wp26\/wp-content\/uploads\/2024\/10\/biosciencechile.cl_-2-1024x1024.jpg\" class=\"attachment-large size-large wp-post-image\" alt=\"BioscienceChile.cl\" style=\"border-radius:24px;width:100%;height:100%;object-fit:cover;\" srcset=\"https:\/\/uxcribe.cl\/wp26\/wp-content\/uploads\/2024\/10\/biosciencechile.cl_-2-1024x1024.jpg 1024w, https:\/\/uxcribe.cl\/wp26\/wp-content\/uploads\/2024\/10\/biosciencechile.cl_-2-300x300.jpg 300w, https:\/\/uxcribe.cl\/wp26\/wp-content\/uploads\/2024\/10\/biosciencechile.cl_-2-150x150.jpg 150w, https:\/\/uxcribe.cl\/wp26\/wp-content\/uploads\/2024\/10\/biosciencechile.cl_-2-768x768.jpg 768w, https:\/\/uxcribe.cl\/wp26\/wp-content\/uploads\/2024\/10\/biosciencechile.cl_-2-1536x1536.jpg 1536w, https:\/\/uxcribe.cl\/wp26\/wp-content\/uploads\/2024\/10\/biosciencechile.cl_-2-2048x2048.jpg 2048w\" sizes=\"auto, (max-width: 1024px) 100vw, 1024px\" \/><\/a><\/figure>\n<\/li><\/ul>\n\n\n<div class=\"wp-block-group has-global-padding is-layout-constrained wp-block-group-is-layout-constrained\" style=\"margin-top:var(--wp--preset--spacing--60);margin-bottom:var(--wp--preset--spacing--60);padding-top:var(--wp--preset--spacing--20);padding-bottom:var(--wp--preset--spacing--20)\"><nav class=\"wp-block-query-pagination is-content-justification-center is-layout-flex wp-container-core-query-pagination-is-layout-a89b3969 wp-block-query-pagination-is-layout-flex\" aria-label=\"Paginaci\u00f3n\">\n\n\n<div class=\"wp-block-query-pagination-numbers\"><span aria-current=\"page\" class=\"page-numbers current\">1<\/span>\n<a class=\"page-numbers\" href=\"?query-24-page=2\">2<\/a>\n<a class=\"page-numbers\" href=\"?query-24-page=3\">3<\/a>\n<a class=\"page-numbers\" href=\"?query-24-page=4\">4<\/a><\/div>\n\n<a href=\"\/wp26\/wp-json\/wp\/v2\/pages\/17?query-24-page=2\" class=\"wp-block-query-pagination-next\">P\u00e1gina siguiente<\/a>\n<\/nav><\/div>\n\n\n<\/div>\n<\/div>\n<\/div><\/div>\n\n\n\n<div class=\"wp-block-cover alignfull is-light is-repeated cschild has-white-color has-text-color has-link-color wp-elements-5ddaadc04539d0aae1817bd6c665321c\" style=\"min-height:100vh;aspect-ratio:unset;\"><div class=\"wp-block-cover__image-background wp-image-38 size-full is-repeated\" style=\"background-position:50% 50%;background-image:url(https:\/\/uxcribe.cl\/wp26\/wp-content\/uploads\/2024\/08\/fondo-blanco-op-e1720796752793.jpg)\"><\/div><span aria-hidden=\"true\" class=\"wp-block-cover__background has-background-dim-0 has-background-dim\"><\/span><div class=\"wp-block-cover__inner-container has-global-padding is-layout-constrained wp-container-core-cover-is-layout-19ba52b1 wp-block-cover-is-layout-constrained\">\n<div class=\"wp-block-group has-global-padding is-layout-constrained wp-container-core-group-is-layout-6758e609 wp-block-group-is-layout-constrained\" style=\"padding-right:var(--wp--preset--spacing--20);padding-left:var(--wp--preset--spacing--20)\">\n<h2 class=\"wp-block-heading has-text-align-left has-custom-uxc-celeste-color has-text-color has-link-color has-large-font-size wp-elements-881bb5eef16605973c3103adcbb53f10\">\u00bfQui\u00e9nes somos?<\/h2>\n\n\n\n<p class=\"has-medium-font-size\" data-aos=\"fade\">Somos un par de hermanos profesionales y creativos, deseosos de colaborar con nuestros conocimientos y experiencia a quienes les ilusiona su emprendimiento, est\u00e1n dando sus primeros pasos en la web y ahora quieren dar los siguientes\u2026 \u00a1Claro! El negocio crece y hay que adecuarse con una&nbsp;p\u00e1gina web&nbsp;bonita, \u00fatil y bien escrita.<\/p>\n<\/div>\n<\/div><\/div>\n","protected":false},"excerpt":{"rendered":"","protected":false},"author":6,"featured_media":0,"parent":0,"menu_order":0,"comment_status":"closed","ping_status":"closed","template":"","meta":{"_acf_changed":false,"_eb_attr":"","footnotes":""},"class_list":["post-17","page","type-page","status-publish","hentry"],"acf":[],"yoast_head":"<!-- This site is optimized with the Yoast SEO plugin v27.4 - https:\/\/yoast.com\/product\/yoast-seo-wordpress\/ -->\n<title>UXcribe | Dise\u00f1o p\u00e1ginas web y desarrollo de cursos online<\/title>\n<meta name=\"description\" content=\"Dise\u00f1o de p\u00e1ginas web para profesionales y pymes. Sitios autoadministrables para todo tipo de negocios. Nuestro servicio es personalizado.\" \/>\n<meta name=\"robots\" content=\"index, follow, max-snippet:-1, max-image-preview:large, max-video-preview:-1\" \/>\n<link rel=\"canonical\" href=\"https:\/\/uxcribe.cl\/wp26\/\" \/>\n<link rel=\"next\" href=\"https:\/\/uxcribe.cl\/wp26\/17?query-24-page=2\" \/>\n<meta property=\"og:locale\" content=\"es_ES\" \/>\n<meta property=\"og:type\" content=\"article\" \/>\n<meta property=\"og:title\" content=\"Agencia UXcribe\" \/>\n<meta property=\"og:description\" content=\"En UXcribe, tejemos storytelling con profundidad para comunicar mejor tus ideas, incluso las m\u00e1s complejas.Nuestra experiencia se refleja en cada palabra, cada lecci\u00f3n e-learning y cada dise\u00f1o web, garantizando que tu mensaje resuene con claridad y precisi\u00f3n.Con nuestro servicio de copywriting, desarrollo e-learning y dise\u00f1o web expresamos tu conocimiento y experiencia para conectar con tu audiencia y elevar tu marca.\" \/>\n<meta property=\"og:url\" content=\"https:\/\/uxcribe.cl\/wp26\/\" \/>\n<meta property=\"og:site_name\" content=\"UXcribe\" \/>\n<meta property=\"article:publisher\" content=\"https:\/\/web.facebook.com\/Uxcribe\/\" \/>\n<meta property=\"article:modified_time\" content=\"2026-03-11T01:23:42+00:00\" \/>\n<meta property=\"og:image\" content=\"https:\/\/uxcribe.cl\/wp26\/wp-content\/uploads\/2024\/09\/1200x675-UXcribe.png\" \/>\n\t<meta property=\"og:image:width\" content=\"3989\" \/>\n\t<meta property=\"og:image:height\" content=\"1158\" \/>\n\t<meta property=\"og:image:type\" content=\"image\/png\" \/>\n<meta name=\"twitter:card\" content=\"summary_large_image\" \/>\n<meta name=\"twitter:label1\" content=\"Tiempo de lectura\" \/>\n\t<meta name=\"twitter:data1\" content=\"1 minuto\" \/>\n<script type=\"application\/ld+json\" class=\"yoast-schema-graph\">{\"@context\":\"https:\\\/\\\/schema.org\",\"@graph\":[{\"@type\":\"WebPage\",\"@id\":\"https:\\\/\\\/uxcribe.cl\\\/wp26\\\/\",\"url\":\"https:\\\/\\\/uxcribe.cl\\\/wp26\\\/\",\"name\":\"UXcribe | Dise\u00f1o p\u00e1ginas web y desarrollo de cursos online\",\"isPartOf\":{\"@id\":\"https:\\\/\\\/uxcribe.cl\\\/wp26\\\/#website\"},\"primaryImageOfPage\":{\"@id\":\"https:\\\/\\\/uxcribe.cl\\\/wp26\\\/#primaryimage\"},\"image\":{\"@id\":\"https:\\\/\\\/uxcribe.cl\\\/wp26\\\/#primaryimage\"},\"thumbnailUrl\":\"https:\\\/\\\/uxcribe.cl\\\/wp26\\\/wp-content\\\/uploads\\\/2024\\\/08\\\/zumLcJDXS-Wde6XQ5yYnew-1024x576.webp\",\"datePublished\":\"2024-08-07T18:27:29+00:00\",\"dateModified\":\"2026-03-11T01:23:42+00:00\",\"description\":\"Dise\u00f1o de p\u00e1ginas web para profesionales y pymes. Sitios autoadministrables para todo tipo de negocios. Nuestro servicio es personalizado.\",\"breadcrumb\":{\"@id\":\"https:\\\/\\\/uxcribe.cl\\\/wp26\\\/#breadcrumb\"},\"inLanguage\":\"es\",\"potentialAction\":[{\"@type\":\"ReadAction\",\"target\":[\"https:\\\/\\\/uxcribe.cl\\\/wp26\\\/\"]}]},{\"@type\":\"ImageObject\",\"inLanguage\":\"es\",\"@id\":\"https:\\\/\\\/uxcribe.cl\\\/wp26\\\/#primaryimage\",\"url\":\"https:\\\/\\\/uxcribe.cl\\\/wp26\\\/wp-content\\\/uploads\\\/2024\\\/08\\\/zumLcJDXS-Wde6XQ5yYnew.webp\",\"contentUrl\":\"https:\\\/\\\/uxcribe.cl\\\/wp26\\\/wp-content\\\/uploads\\\/2024\\\/08\\\/zumLcJDXS-Wde6XQ5yYnew.webp\",\"width\":1280,\"height\":720},{\"@type\":\"BreadcrumbList\",\"@id\":\"https:\\\/\\\/uxcribe.cl\\\/wp26\\\/#breadcrumb\",\"itemListElement\":[{\"@type\":\"ListItem\",\"position\":1,\"name\":\"Home\",\"item\":\"https:\\\/\\\/uxcribe.cl\\\/wp26\\\/\"},{\"@type\":\"ListItem\",\"position\":2,\"name\":\"Agencia para desarrollo personalizado de productos digitales\"}]},{\"@type\":\"WebSite\",\"@id\":\"https:\\\/\\\/uxcribe.cl\\\/wp26\\\/#website\",\"url\":\"https:\\\/\\\/uxcribe.cl\\\/wp26\\\/\",\"name\":\"uxcribe.cl\",\"description\":\"Agencia de Copyriting, E-Learning y Dise\u00f1o Web\",\"publisher\":{\"@id\":\"https:\\\/\\\/uxcribe.cl\\\/wp26\\\/#organization\"},\"alternateName\":\"UXcribe\",\"potentialAction\":[{\"@type\":\"SearchAction\",\"target\":{\"@type\":\"EntryPoint\",\"urlTemplate\":\"https:\\\/\\\/uxcribe.cl\\\/wp26\\\/?s={search_term_string}\"},\"query-input\":{\"@type\":\"PropertyValueSpecification\",\"valueRequired\":true,\"valueName\":\"search_term_string\"}}],\"inLanguage\":\"es\"},{\"@type\":\"Organization\",\"@id\":\"https:\\\/\\\/uxcribe.cl\\\/wp26\\\/#organization\",\"name\":\"Agencia UXcribe\",\"alternateName\":\"UXcribe\",\"url\":\"https:\\\/\\\/uxcribe.cl\\\/wp26\\\/\",\"logo\":{\"@type\":\"ImageObject\",\"inLanguage\":\"es\",\"@id\":\"https:\\\/\\\/uxcribe.cl\\\/wp26\\\/#\\\/schema\\\/logo\\\/image\\\/\",\"url\":\"https:\\\/\\\/uxcribe.cl\\\/wp26\\\/wp-content\\\/uploads\\\/2024\\\/09\\\/Logotipo-organizacion.png\",\"contentUrl\":\"https:\\\/\\\/uxcribe.cl\\\/wp26\\\/wp-content\\\/uploads\\\/2024\\\/09\\\/Logotipo-organizacion.png\",\"width\":1080,\"height\":1080,\"caption\":\"Agencia UXcribe\"},\"image\":{\"@id\":\"https:\\\/\\\/uxcribe.cl\\\/wp26\\\/#\\\/schema\\\/logo\\\/image\\\/\"},\"sameAs\":[\"https:\\\/\\\/web.facebook.com\\\/Uxcribe\\\/\",\"https:\\\/\\\/www.instagram.com\\\/uxcribe\\\/\"]}]}<\/script>\n<!-- \/ Yoast SEO plugin. -->","yoast_head_json":{"title":"UXcribe | Dise\u00f1o p\u00e1ginas web y desarrollo de cursos online","description":"Dise\u00f1o de p\u00e1ginas web para profesionales y pymes. Sitios autoadministrables para todo tipo de negocios. Nuestro servicio es personalizado.","robots":{"index":"index","follow":"follow","max-snippet":"max-snippet:-1","max-image-preview":"max-image-preview:large","max-video-preview":"max-video-preview:-1"},"canonical":"https:\/\/uxcribe.cl\/wp26\/","next":"https:\/\/uxcribe.cl\/wp26\/17?query-24-page=2","og_locale":"es_ES","og_type":"article","og_title":"Agencia UXcribe","og_description":"En UXcribe, tejemos storytelling con profundidad para comunicar mejor tus ideas, incluso las m\u00e1s complejas.Nuestra experiencia se refleja en cada palabra, cada lecci\u00f3n e-learning y cada dise\u00f1o web, garantizando que tu mensaje resuene con claridad y precisi\u00f3n.Con nuestro servicio de copywriting, desarrollo e-learning y dise\u00f1o web expresamos tu conocimiento y experiencia para conectar con tu audiencia y elevar tu marca.","og_url":"https:\/\/uxcribe.cl\/wp26\/","og_site_name":"UXcribe","article_publisher":"https:\/\/web.facebook.com\/Uxcribe\/","article_modified_time":"2026-03-11T01:23:42+00:00","og_image":[{"width":3989,"height":1158,"url":"https:\/\/uxcribe.cl\/wp26\/wp-content\/uploads\/2024\/09\/1200x675-UXcribe.png","type":"image\/png"}],"twitter_card":"summary_large_image","twitter_misc":{"Tiempo de lectura":"1 minuto"},"schema":{"@context":"https:\/\/schema.org","@graph":[{"@type":"WebPage","@id":"https:\/\/uxcribe.cl\/wp26\/","url":"https:\/\/uxcribe.cl\/wp26\/","name":"UXcribe | Dise\u00f1o p\u00e1ginas web y desarrollo de cursos online","isPartOf":{"@id":"https:\/\/uxcribe.cl\/wp26\/#website"},"primaryImageOfPage":{"@id":"https:\/\/uxcribe.cl\/wp26\/#primaryimage"},"image":{"@id":"https:\/\/uxcribe.cl\/wp26\/#primaryimage"},"thumbnailUrl":"https:\/\/uxcribe.cl\/wp26\/wp-content\/uploads\/2024\/08\/zumLcJDXS-Wde6XQ5yYnew-1024x576.webp","datePublished":"2024-08-07T18:27:29+00:00","dateModified":"2026-03-11T01:23:42+00:00","description":"Dise\u00f1o de p\u00e1ginas web para profesionales y pymes. Sitios autoadministrables para todo tipo de negocios. Nuestro servicio es personalizado.","breadcrumb":{"@id":"https:\/\/uxcribe.cl\/wp26\/#breadcrumb"},"inLanguage":"es","potentialAction":[{"@type":"ReadAction","target":["https:\/\/uxcribe.cl\/wp26\/"]}]},{"@type":"ImageObject","inLanguage":"es","@id":"https:\/\/uxcribe.cl\/wp26\/#primaryimage","url":"https:\/\/uxcribe.cl\/wp26\/wp-content\/uploads\/2024\/08\/zumLcJDXS-Wde6XQ5yYnew.webp","contentUrl":"https:\/\/uxcribe.cl\/wp26\/wp-content\/uploads\/2024\/08\/zumLcJDXS-Wde6XQ5yYnew.webp","width":1280,"height":720},{"@type":"BreadcrumbList","@id":"https:\/\/uxcribe.cl\/wp26\/#breadcrumb","itemListElement":[{"@type":"ListItem","position":1,"name":"Home","item":"https:\/\/uxcribe.cl\/wp26\/"},{"@type":"ListItem","position":2,"name":"Agencia para desarrollo personalizado de productos digitales"}]},{"@type":"WebSite","@id":"https:\/\/uxcribe.cl\/wp26\/#website","url":"https:\/\/uxcribe.cl\/wp26\/","name":"uxcribe.cl","description":"Agencia de Copyriting, E-Learning y Dise\u00f1o Web","publisher":{"@id":"https:\/\/uxcribe.cl\/wp26\/#organization"},"alternateName":"UXcribe","potentialAction":[{"@type":"SearchAction","target":{"@type":"EntryPoint","urlTemplate":"https:\/\/uxcribe.cl\/wp26\/?s={search_term_string}"},"query-input":{"@type":"PropertyValueSpecification","valueRequired":true,"valueName":"search_term_string"}}],"inLanguage":"es"},{"@type":"Organization","@id":"https:\/\/uxcribe.cl\/wp26\/#organization","name":"Agencia UXcribe","alternateName":"UXcribe","url":"https:\/\/uxcribe.cl\/wp26\/","logo":{"@type":"ImageObject","inLanguage":"es","@id":"https:\/\/uxcribe.cl\/wp26\/#\/schema\/logo\/image\/","url":"https:\/\/uxcribe.cl\/wp26\/wp-content\/uploads\/2024\/09\/Logotipo-organizacion.png","contentUrl":"https:\/\/uxcribe.cl\/wp26\/wp-content\/uploads\/2024\/09\/Logotipo-organizacion.png","width":1080,"height":1080,"caption":"Agencia UXcribe"},"image":{"@id":"https:\/\/uxcribe.cl\/wp26\/#\/schema\/logo\/image\/"},"sameAs":["https:\/\/web.facebook.com\/Uxcribe\/","https:\/\/www.instagram.com\/uxcribe\/"]}]}},"_links":{"self":[{"href":"https:\/\/uxcribe.cl\/wp26\/wp-json\/wp\/v2\/pages\/17","targetHints":{"allow":["GET"]}}],"collection":[{"href":"https:\/\/uxcribe.cl\/wp26\/wp-json\/wp\/v2\/pages"}],"about":[{"href":"https:\/\/uxcribe.cl\/wp26\/wp-json\/wp\/v2\/types\/page"}],"author":[{"embeddable":true,"href":"https:\/\/uxcribe.cl\/wp26\/wp-json\/wp\/v2\/users\/6"}],"replies":[{"embeddable":true,"href":"https:\/\/uxcribe.cl\/wp26\/wp-json\/wp\/v2\/comments?post=17"}],"version-history":[{"count":11,"href":"https:\/\/uxcribe.cl\/wp26\/wp-json\/wp\/v2\/pages\/17\/revisions"}],"predecessor-version":[{"id":3285,"href":"https:\/\/uxcribe.cl\/wp26\/wp-json\/wp\/v2\/pages\/17\/revisions\/3285"}],"wp:attachment":[{"href":"https:\/\/uxcribe.cl\/wp26\/wp-json\/wp\/v2\/media?parent=17"}],"curies":[{"name":"wp","href":"https:\/\/api.w.org\/{rel}","templated":true}]}}